{"id":300,"date":"2019-01-27T23:31:09","date_gmt":"2019-01-27T22:31:09","guid":{"rendered":"http:\/\/shoesbylamelisse.fr\/wordpress\/?page_id=300"},"modified":"2019-02-13T20:48:52","modified_gmt":"2019-02-13T19:48:52","slug":"accueil","status":"publish","type":"page","link":"https:\/\/shoesbylamelisse.fr\/wordpress\/","title":{"rendered":"Edito"},"content":{"rendered":"\n<div class=\"wp-block-image\"><figure class=\"alignleft is-resized\"><img loading=\"lazy\" src=\"https:\/\/shoesbylamelisse.fr\/wordpress\/wp-content\/uploads\/2019\/01\/chaussure_edito-2-724x1024.jpg\" alt=\"\" class=\"wp-image-329\" width=\"345\" height=\"488\" srcset=\"https:\/\/shoesbylamelisse.fr\/wordpress\/wp-content\/uploads\/2019\/01\/chaussure_edito-2-724x1024.jpg 724w, https:\/\/shoesbylamelisse.fr\/wordpress\/wp-content\/uploads\/2019\/01\/chaussure_edito-2-212x300.jpg 212w, https:\/\/shoesbylamelisse.fr\/wordpress\/wp-content\/uploads\/2019\/01\/chaussure_edito-2-768x1086.jpg 768w, https:\/\/shoesbylamelisse.fr\/wordpress\/wp-content\/uploads\/2019\/01\/chaussure_edito-2-1140x1613.jpg 1140w\" sizes=\"(max-width: 345px) 100vw, 345px\" \/><\/figure><\/div>\n\n\n\n<p class=\"has-medium-font-size\"><strong>Shoes addict, amoureux des chaussures en tout genre : BONJOUR!!\ufeff<\/strong><\/p>\n\n\n\n<p>La chaussure : cet objet qui est vu comme une \u0153uvre d\u2019art pour certains ou encore l\u2019objet de tous les fantasmes pour d\u2019autres&nbsp;; cet accessoire qui nous suit depuis tr\u00e8s longtemps et qui a su se faire sa place dans notre garde-robe au m\u00eame titre que notre petite robe noire ou encore l\u2019intemporelle veste en jean Levis.<\/p>\n\n\n\n<p>Autrefois simple \u00e9l\u00e9ment utile \u00e0 la protection de nos pieds lors de nos d\u00e9placements, elle a commenc\u00e9, au fil des ann\u00e9es \u00e0 \u00eatre consid\u00e9r\u00e9e comme l\u2019atout majeur d\u2019un look&nbsp;: l\u2019\u00e9l\u00e9ment qui va rehausser une tenue, ou encore une \u0153uvre d\u2019art qu\u2019il faut prot\u00e9ger, mettre sous cellophane dans une armoire vitr\u00e9e et exposer fi\u00e8rement tel un troph\u00e9e de football qu\u2019on serait content de montrer.<\/p>\n\n\n\n<p>La chaussure est un \u00e9l\u00e9ment \u00e0 part enti\u00e8re dans l\u2019histoire de la mode&nbsp;; Stilettos, Moon boots ou autres sneakers font partie de l\u2019\u00e9volution de l\u2019histoire de la chaussure.<\/p>\n\n\n\n<p>Chaque chaussure nous parle, chaque chaussure se livre \u00e0 nous.<\/p>\n\n\n\n<p>En tant que \u00ab&nbsp;<strong>Shoes addict<\/strong>&nbsp;\u00bb je vais vous faire partager l\u2019histoire de la chaussure, des mod\u00e8les \u00ab&nbsp;phares&nbsp;\u00bb qui ont travers\u00e9 le temps, de leurs cr\u00e9ations aux petites histoires autour d\u2019elles\u2026<\/p>\n\n\n\n<div class=\"wp-block-media-text alignwide\" style=\"grid-template-columns:31% auto\"><figure class=\"wp-block-media-text__media\"><img loading=\"lazy\" width=\"500\" height=\"450\" src=\"https:\/\/shoesbylamelisse.fr\/wordpress\/wp-content\/uploads\/2019\/02\/07c549bedc150ce937ba3aef5836f8d3-1.jpg\" alt=\"\" class=\"wp-image-637\" srcset=\"https:\/\/shoesbylamelisse.fr\/wordpress\/wp-content\/uploads\/2019\/02\/07c549bedc150ce937ba3aef5836f8d3-1.jpg 500w, https:\/\/shoesbylamelisse.fr\/wordpress\/wp-content\/uploads\/2019\/02\/07c549bedc150ce937ba3aef5836f8d3-1-300x270.jpg 300w\" sizes=\"(max-width: 500px) 100vw, 500px\" \/><\/figure><div class=\"wp-block-media-text__content\">\n<p class=\"has-normal-font-size\"><em><strong>Savez-vous qui a rendu c\u00e9l\u00e8bre ces escarpins Manolo Blahnik?<\/strong>\ufeff<\/em><\/p>\n<\/div><\/div>\n\n\n\n<div class=\"wp-block-media-text alignwide has-media-on-the-right\" style=\"grid-template-columns:auto 35%\"><figure class=\"wp-block-media-text__media\"><img loading=\"lazy\" width=\"500\" height=\"500\" src=\"https:\/\/shoesbylamelisse.fr\/wordpress\/wp-content\/uploads\/2019\/02\/7344024_500_A-2.jpg\" alt=\"\" class=\"wp-image-638\" srcset=\"https:\/\/shoesbylamelisse.fr\/wordpress\/wp-content\/uploads\/2019\/02\/7344024_500_A-2.jpg 500w, https:\/\/shoesbylamelisse.fr\/wordpress\/wp-content\/uploads\/2019\/02\/7344024_500_A-2-150x150.jpg 150w, https:\/\/shoesbylamelisse.fr\/wordpress\/wp-content\/uploads\/2019\/02\/7344024_500_A-2-300x300.jpg 300w, https:\/\/shoesbylamelisse.fr\/wordpress\/wp-content\/uploads\/2019\/02\/7344024_500_A-2-75x75.jpg 75w\" sizes=\"(max-width: 500px) 100vw, 500px\" \/><\/figure><div class=\"wp-block-media-text__content\">\n<p class=\"has-normal-font-size\"><em><strong>Ou encore l&rsquo;histoire derri\u00e8re cette paire de Nike Cortez noire et blanche?<\/strong><\/em><\/p>\n<\/div><\/div>\n\n\n\n<p>Vous d\u00e9couvrirez mes coups de c\u0153ur sneakers, bottes de saison, sandales et autres\u2026<\/p>\n\n\n\n<p>Bienvenue dans mon monde&nbsp;! L\u00e0 o\u00f9 se m\u00ealeront escarpins et sneakers, l\u00e0 o\u00f9 les grands cr\u00e9ateurs nous d\u00e9voileront les histoires et autres anecdotes.<\/p>\n\n\n\n<p>Je vous pr\u00e9sente <strong>Shoes by Lam\u00e9lisse<\/strong>, une ode \u00e0 l\u2019amour&nbsp;: <strong>une ode \u00e0 la chaussure<\/strong>.<\/p>\n\n\n\n<p>Venez d\u00e9couvrir un univers magique o\u00f9 les chaussures ne sont plus qu\u2019un simple accessoire mais un objet d\u2019exception avec une histoire, une vie derri\u00e8re.<\/p>\n\n\n\n<p>Pour que les chaussures de grands cr\u00e9ateurs ne soient pas port\u00e9es juste parce qu\u2019elles sont synonymes de notori\u00e9t\u00e9, de pouvoir d\u2019achats ou encore parce qu\u2019elles ont une semelle rouge, mais plut\u00f4t parce qu\u2019on a d\u00e9couvert quel grand artiste est Christian Louboutin\u00a0!<\/p>\n\n\n\n<div class=\"wp-block-media-text alignwide\" style=\"grid-template-columns:35% auto\"><figure class=\"wp-block-media-text__media\"><img loading=\"lazy\" width=\"688\" height=\"1024\" src=\"https:\/\/shoesbylamelisse.fr\/wordpress\/wp-content\/uploads\/2019\/02\/image-1-688x1024.jpg\" alt=\"\" class=\"wp-image-632\" srcset=\"https:\/\/shoesbylamelisse.fr\/wordpress\/wp-content\/uploads\/2019\/02\/image-1-688x1024.jpg 688w, https:\/\/shoesbylamelisse.fr\/wordpress\/wp-content\/uploads\/2019\/02\/image-1-202x300.jpg 202w, https:\/\/shoesbylamelisse.fr\/wordpress\/wp-content\/uploads\/2019\/02\/image-1-768x1143.jpg 768w, https:\/\/shoesbylamelisse.fr\/wordpress\/wp-content\/uploads\/2019\/02\/image-1-1140x1697.jpg 1140w, https:\/\/shoesbylamelisse.fr\/wordpress\/wp-content\/uploads\/2019\/02\/image-1.jpg 1510w\" sizes=\"(max-width: 688px) 100vw, 688px\" \/><\/figure><div class=\"wp-block-media-text__content\">\n<p style=\"font-size:14px\">Je vous ferai d\u00e9couvrir ma passion pour les chaussures, la cr\u00e9ativit\u00e9 derri\u00e8re chaque mod\u00e8le mais aussi mon amour inconditionnel pour le dessin et le graphisme&nbsp;!<\/p>\n<\/div><\/div>\n\n\n\n<div class=\"wp-block-image\"><figure class=\"aligncenter is-resized\"><img loading=\"lazy\" src=\"https:\/\/shoesbylamelisse.fr\/wordpress\/wp-content\/uploads\/2018\/10\/IMG_3395.jpg\" alt=\"\" class=\"wp-image-71\" width=\"299\" height=\"299\" srcset=\"https:\/\/shoesbylamelisse.fr\/wordpress\/wp-content\/uploads\/2018\/10\/IMG_3395.jpg 750w, https:\/\/shoesbylamelisse.fr\/wordpress\/wp-content\/uploads\/2018\/10\/IMG_3395-150x150.jpg 150w, https:\/\/shoesbylamelisse.fr\/wordpress\/wp-content\/uploads\/2018\/10\/IMG_3395-300x300.jpg 300w, https:\/\/shoesbylamelisse.fr\/wordpress\/wp-content\/uploads\/2018\/10\/IMG_3395-75x75.jpg 75w\" sizes=\"(max-width: 299px) 100vw, 299px\" \/><\/figure><\/div>\n\n\n\n<div style=\"height:39px\" aria-hidden=\"true\" class=\"wp-block-spacer\"><\/div>\n\n\n\n<p style=\"text-align:center\">Bienvenue dans mon monde,<\/p>\n\n\n\n<p style=\"text-align:center\">Bienvenue chez moi&nbsp;!<\/p>\n\n\n\n<p>Osez tomber dans le terrier du lapin comme l\u2019a fait Alice pour y d\u00e9couvrir le Pays des Merveilles&nbsp;; MON pays des merveilles&nbsp;: Shoes by Lam\u00e9lisse<\/p>\n\n\n\n<figure class=\"wp-block-image is-resized\"><img loading=\"lazy\" src=\"https:\/\/shoesbylamelisse.fr\/wordpress\/wp-content\/uploads\/2019\/02\/SIGNATURE-1-1024x363.jpg\" alt=\"\" class=\"wp-image-585\" width=\"149\" height=\"52\" srcset=\"https:\/\/shoesbylamelisse.fr\/wordpress\/wp-content\/uploads\/2019\/02\/SIGNATURE-1-1024x363.jpg 1024w, https:\/\/shoesbylamelisse.fr\/wordpress\/wp-content\/uploads\/2019\/02\/SIGNATURE-1-300x106.jpg 300w, https:\/\/shoesbylamelisse.fr\/wordpress\/wp-content\/uploads\/2019\/02\/SIGNATURE-1-768x272.jpg 768w, https:\/\/shoesbylamelisse.fr\/wordpress\/wp-content\/uploads\/2019\/02\/SIGNATURE-1.jpg 1067w\" sizes=\"(max-width: 149px) 100vw, 149px\" \/><\/figure>\n","protected":false},"excerpt":{"rendered":"<p>Shoes addict, amoureux des chaussures en tout genre : BONJOUR!!\ufeff La chaussure : cet objet qui est vu comme une \u0153uvre d\u2019art pour certains ou encore l\u2019objet de tous les fantasmes pour d\u2019autres&nbsp;; cet accessoire qui nous suit depuis tr\u00e8s longtemps et qui a su se faire sa place dans notre garde-robe au m\u00eame titre que notre petite robe noire ou encore l\u2019intemporelle veste en jean Levis. Autrefois simple \u00e9l\u00e9ment utile \u00e0 la protection de nos pieds lors de nos d\u00e9placements, elle a commenc\u00e9, au fil des ann\u00e9es \u00e0 \u00eatre consid\u00e9r\u00e9e comme l\u2019atout majeur d\u2019un look&nbsp;: l\u2019\u00e9l\u00e9ment qui va rehausser une tenue, ou encore une \u0153uvre d\u2019art qu\u2019il faut prot\u00e9ger, mettre sous cellophane dans une armoire vitr\u00e9e et exposer fi\u00e8rement tel un troph\u00e9e de football qu\u2019on serait content de montrer. La chaussure est un \u00e9l\u00e9ment \u00e0 part enti\u00e8re dans l\u2019histoire de la mode&nbsp;; Stilettos, Moon boots ou autres sneakers font partie de l\u2019\u00e9volution de l\u2019histoire de la chaussure. Chaque chaussure nous parle, chaque chaussure se livre \u00e0 nous. En tant que \u00ab&nbsp;Shoes addict&nbsp;\u00bb je vais vous faire partager l\u2019histoire de la chaussure, des mod\u00e8les \u00ab&nbsp;phares&nbsp;\u00bb qui ont travers\u00e9 le temps, de leurs cr\u00e9ations aux petites histoires autour d\u2019elles\u2026 Savez-vous qui a rendu c\u00e9l\u00e8bre ces escarpins Manolo Blahnik?\ufeff Ou encore l&rsquo;histoire derri\u00e8re cette paire de Nike Cortez noire et blanche? Vous d\u00e9couvrirez mes coups de c\u0153ur sneakers, bottes de saison, sandales et autres\u2026 Bienvenue dans mon monde&nbsp;! L\u00e0 o\u00f9 se m\u00ealeront escarpins et sneakers, l\u00e0 o\u00f9 les grands cr\u00e9ateurs nous d\u00e9voileront les histoires et autres anecdotes. Je vous pr\u00e9sente Shoes by Lam\u00e9lisse, une ode \u00e0 l\u2019amour&nbsp;: une ode \u00e0 la chaussure. Venez d\u00e9couvrir un univers magique o\u00f9 les chaussures ne sont plus qu\u2019un simple accessoire mais un objet d\u2019exception avec une histoire, une vie derri\u00e8re. Pour que les chaussures de grands cr\u00e9ateurs ne soient pas port\u00e9es juste parce qu\u2019elles sont synonymes de notori\u00e9t\u00e9, de pouvoir d\u2019achats ou encore parce qu\u2019elles ont une semelle rouge, mais plut\u00f4t parce qu\u2019on a d\u00e9couvert quel grand artiste est Christian Louboutin\u00a0! Je vous ferai d\u00e9couvrir ma passion pour les chaussures, la cr\u00e9ativit\u00e9 derri\u00e8re chaque mod\u00e8le mais aussi mon amour inconditionnel pour le dessin et le graphisme&nbsp;! Bienvenue dans mon monde, Bienvenue chez moi&nbsp;! Osez tomber dans le terrier du lapin comme l\u2019a fait Alice pour y d\u00e9couvrir le Pays des Merveilles&nbsp;; MON pays des merveilles&nbsp;: Shoes by Lam\u00e9lisse<\/p>\n","protected":false},"author":3,"featured_media":0,"parent":0,"menu_order":0,"comment_status":"closed","ping_status":"closed","template":"","meta":[],"_links":{"self":[{"href":"https:\/\/shoesbylamelisse.fr\/wordpress\/index.php?rest_route=\/wp\/v2\/pages\/300"}],"collection":[{"href":"https:\/\/shoesbylamelisse.fr\/wordpress\/index.php?rest_route=\/wp\/v2\/pages"}],"about":[{"href":"https:\/\/shoesbylamelisse.fr\/wordpress\/index.php?rest_route=\/wp\/v2\/types\/page"}],"author":[{"embeddable":true,"href":"https:\/\/shoesbylamelisse.fr\/wordpress\/index.php?rest_route=\/wp\/v2\/users\/3"}],"replies":[{"embeddable":true,"href":"https:\/\/shoesbylamelisse.fr\/wordpress\/index.php?rest_route=%2Fwp%2Fv2%2Fcomments&post=300"}],"version-history":[{"count":43,"href":"https:\/\/shoesbylamelisse.fr\/wordpress\/index.php?rest_route=\/wp\/v2\/pages\/300\/revisions"}],"predecessor-version":[{"id":665,"href":"https:\/\/shoesbylamelisse.fr\/wordpress\/index.php?rest_route=\/wp\/v2\/pages\/300\/revisions\/665"}],"wp:attachment":[{"href":"https:\/\/shoesbylamelisse.fr\/wordpress\/index.php?rest_route=%2Fwp%2Fv2%2Fmedia&parent=300"}],"curies":[{"name":"wp","href":"https:\/\/api.w.org\/{rel}","templated":true}]}}